{"id":735,"date":"2023-05-09T09:22:52","date_gmt":"2023-05-09T07:22:52","guid":{"rendered":"https:\/\/www.morphia-projekt.de\/?page_id=735"},"modified":"2023-07-12T10:53:49","modified_gmt":"2023-07-12T08:53:49","slug":"news","status":"publish","type":"page","link":"https:\/\/www.morphia-projekt.de\/?page_id=735","title":{"rendered":"News"},"content":{"rendered":"\n<ul class=\"wp-block-list\">\n<li>7.07.2023 MORPHIA <a href=\"https:\/\/www.morphia-projekt.de\/wp-content\/uploads\/2023\/07\/MORPHIA-Partnerzustaendigkeiten-Presse-Handout-final.pdf\" data-type=\"attachment\" data-id=\"767\" target=\"_blank\" rel=\"noreferrer noopener\">Abschlussveranstaltung<\/a><a href=\"https:\/\/www.morphia-projekt.de\/wp-content\/uploads\/2023\/07\/MORPHIA-Partnerzustaendigkeiten-Presse-Handout-final.pdf\" data-type=\"attachment\" data-id=\"767\"> in Ilmenau<\/a><br><\/li>\n\n\n\n<li>3.07.2023 Vertretung von MORPHIA bei der <a rel=\"noreferrer noopener\" href=\"https:\/\/www.twpa.de\/programm\/archiv\/event\/131-pflegefall-pflege\" target=\"_blank\">Th\u00fcringer Woche der pflegenden Angeh\u00f6rigen&nbsp; zur Diskussionsrunde &#8220;Die Pflege braucht ein Update: qualitativ, vernetzt, digital unterst\u00fctzt&#8221;<\/a><br><\/li>\n\n\n\n<li>10. und 11.05.2023 Teilnahme an der BKM Abschlussveranstaltung &#8220;Robotik f\u00fcr die Pflege&#8221; in Osnabr\u00fcck mit Roboterdemonstrator und Vortrag<\/li>\n<\/ul>\n","protected":false},"excerpt":{"rendered":"","protected":false},"author":1,"featured_media":0,"parent":0,"menu_order":0,"comment_status":"closed","ping_status":"closed","template":"","meta":{"footnotes":""},"class_list":["post-735","page","type-page","status-publish"],"_links":{"self":[{"href":"https:\/\/www.morphia-projekt.de\/index.php?rest_route=\/wp\/v2\/pages\/735","targetHints":{"allow":["GET"]}}],"collection":[{"href":"https:\/\/www.morphia-projekt.de\/index.php?rest_route=\/wp\/v2\/pages"}],"about":[{"href":"https:\/\/www.morphia-projekt.de\/index.php?rest_route=\/wp\/v2\/types\/page"}],"author":[{"embeddable":true,"href":"https:\/\/www.morphia-projekt.de\/index.php?rest_route=\/wp\/v2\/users\/1"}],"replies":[{"embeddable":true,"href":"https:\/\/www.morphia-projekt.de\/index.php?rest_route=%2Fwp%2Fv2%2Fcomments&post=735"}],"version-history":[{"count":6,"href":"https:\/\/www.morphia-projekt.de\/index.php?rest_route=\/wp\/v2\/pages\/735\/revisions"}],"predecessor-version":[{"id":777,"href":"https:\/\/www.morphia-projekt.de\/index.php?rest_route=\/wp\/v2\/pages\/735\/revisions\/777"}],"wp:attachment":[{"href":"https:\/\/www.morphia-projekt.de\/index.php?rest_route=%2Fwp%2Fv2%2Fmedia&parent=735"}],"curies":[{"name":"wp","href":"https:\/\/api.w.org\/{rel}","templated":true}]}}