{"id":576,"date":"2022-02-11T12:58:22","date_gmt":"2022-02-11T11:58:22","guid":{"rendered":"http:\/\/141.24.24.29\/wordpress\/?page_id=576"},"modified":"2024-02-09T10:51:47","modified_gmt":"2024-02-09T09:51:47","slug":"presse","status":"publish","type":"page","link":"https:\/\/www.morphia-projekt.de\/?page_id=576","title":{"rendered":"Presse"},"content":{"rendered":"\n<figure class=\"wp-block-table\"><table><tbody><tr><td><img loading=\"lazy\" decoding=\"async\" width=\"150\" height=\"226\" class=\"wp-image-782\" style=\"width: 150px;\" src=\"https:\/\/www.morphia-projekt.de\/wp-content\/uploads\/2024\/02\/ManagementKrankenhaus-12-2024.jpg\" alt=\"\" srcset=\"https:\/\/www.morphia-projekt.de\/wp-content\/uploads\/2024\/02\/ManagementKrankenhaus-12-2024.jpg 557w, https:\/\/www.morphia-projekt.de\/wp-content\/uploads\/2024\/02\/ManagementKrankenhaus-12-2024-199x300.jpg 199w\" sizes=\"auto, (max-width: 150px) 100vw, 150px\" \/><\/td><td><strong>Management &amp; Krankenhaus 1-2\/2024, 43. Jahrgang, S. 20<\/strong><br><strong><em>Assistenzroboter zur Vernetzung von Senioren und Pflegern<\/em><\/strong><br>In einem Forschungsprojekt hat die TU Ilmenau gemeinsam mit sechs Partnern einen Assistenzroboter entwickelt,der es Pflegebed\u00fcrftigen erm\u00f6glicht, von zu Hause aus zu kommunizieren und so mit den Personen, die sie pflegen, vernetzt zu bleiben.<\/td><\/tr><tr><td><img loading=\"lazy\" decoding=\"async\" width=\"150\" height=\"219\" class=\"wp-image-769\" style=\"width: 150px;\" src=\"https:\/\/www.morphia-projekt.de\/wp-content\/uploads\/2023\/07\/2023-07-10-Artikel-BILD.png\" alt=\"\" srcset=\"https:\/\/www.morphia-projekt.de\/wp-content\/uploads\/2023\/07\/2023-07-10-Artikel-BILD.png 3403w, https:\/\/www.morphia-projekt.de\/wp-content\/uploads\/2023\/07\/2023-07-10-Artikel-BILD-206x300.png 206w, https:\/\/www.morphia-projekt.de\/wp-content\/uploads\/2023\/07\/2023-07-10-Artikel-BILD-702x1024.png 702w, https:\/\/www.morphia-projekt.de\/wp-content\/uploads\/2023\/07\/2023-07-10-Artikel-BILD-768x1120.png 768w, https:\/\/www.morphia-projekt.de\/wp-content\/uploads\/2023\/07\/2023-07-10-Artikel-BILD-1054x1536.png 1054w, https:\/\/www.morphia-projekt.de\/wp-content\/uploads\/2023\/07\/2023-07-10-Artikel-BILD-1405x2048.png 1405w\" sizes=\"auto, (max-width: 150px) 100vw, 150px\" \/><\/td><td><strong>Bild-Zeitung (Th\u00fcringen), 10.07.2023<\/strong><br><em><strong>Jetzt passt Robby auf Oma (79) auf<\/strong><\/em><br>Assistenzroboter hilft Senioren<\/td><\/tr><tr><td><img loading=\"lazy\" decoding=\"async\" width=\"150\" height=\"190\" class=\"wp-image-772\" style=\"width: 150px;\" src=\"https:\/\/www.morphia-projekt.de\/wp-content\/uploads\/2023\/07\/FW-23-07-08-scaled.jpg\" alt=\"\" srcset=\"https:\/\/www.morphia-projekt.de\/wp-content\/uploads\/2023\/07\/FW-23-07-08-scaled.jpg 2025w, https:\/\/www.morphia-projekt.de\/wp-content\/uploads\/2023\/07\/FW-23-07-08-237x300.jpg 237w, https:\/\/www.morphia-projekt.de\/wp-content\/uploads\/2023\/07\/FW-23-07-08-810x1024.jpg 810w, https:\/\/www.morphia-projekt.de\/wp-content\/uploads\/2023\/07\/FW-23-07-08-768x971.jpg 768w, https:\/\/www.morphia-projekt.de\/wp-content\/uploads\/2023\/07\/FW-23-07-08-1215x1536.jpg 1215w, https:\/\/www.morphia-projekt.de\/wp-content\/uploads\/2023\/07\/FW-23-07-08-1620x2048.jpg 1620w\" sizes=\"auto, (max-width: 150px) 100vw, 150px\" \/><\/td><td><strong>Freies Wort, 8.07.2023<\/strong><br><strong><em>Senioren testen Pflegeroboter der TU Ilmenau<\/em><\/strong><br>Wissenschaftler der TU Ilmenau haben einen Assistenzroboter f\u00fcr Senioren mitentwickelt.<br>Mit seinen F\u00e4higkeiten k\u00f6nnte der Roboter das Pflegesystem revolutionieren.<\/td><\/tr><tr><td><img loading=\"lazy\" decoding=\"async\" width=\"100\" height=\"95\" class=\"wp-image-774\" style=\"width: 100px;\" src=\"https:\/\/www.morphia-projekt.de\/wp-content\/uploads\/2023\/07\/csm_mdr-Thueringen-Journal-Icon-Rand_d1f3411423.png\" alt=\"\"><\/td><td><strong>mdr Th\u00fcringen Journal, 7.07.23, 19:00 Uhr<\/strong><br><strong><em>Forschungsprojekt mit Robotern abgeschlossen<\/em><\/strong><br>In den vergangenen drei Jahren hat die TU Ilmenau zusammen mit sechs anderen Partnern einen Roboter entwickelt, der pflegebed\u00fcrftige Personen unterst\u00fctzt.<\/td><\/tr><tr><td><img loading=\"lazy\" decoding=\"async\" width=\"150\" height=\"211\" class=\"wp-image-749\" style=\"width: 150px;\" src=\"https:\/\/www.morphia-projekt.de\/wp-content\/uploads\/2023\/05\/FAZ-22-12-16-Der-Pflegeroboter-mag-Eierlikoer.png\" alt=\"\" srcset=\"https:\/\/www.morphia-projekt.de\/wp-content\/uploads\/2023\/05\/FAZ-22-12-16-Der-Pflegeroboter-mag-Eierlikoer.png 226w, https:\/\/www.morphia-projekt.de\/wp-content\/uploads\/2023\/05\/FAZ-22-12-16-Der-Pflegeroboter-mag-Eierlikoer-213x300.png 213w\" sizes=\"auto, (max-width: 150px) 100vw, 150px\" \/><\/td><td><strong>Frankfurter Allgemeine Zeitung (FAZ), 16.12.2022<\/strong><br><strong><em>Der Pflegeroboter mag Eierlik\u00f6r<\/em><\/strong><br>Die wenigsten k\u00f6nnen oder wollen sich vorstellen, dass Roboter einmal in der Pflege \u00e4lterer Menschen eingesetzt werden. Sie m\u00fcssten auch noch viel lernen, bevor sie etwa bettl\u00e4gerige Menschen mobilisieren. Diesem hier haben sie an der Technischen Universit\u00e4t in Ilmenau beigebracht, eine T\u00fcr zu \u00f6ffnen; dagegen ist das Tragen von Weihnachtsb\u00e4umen fast ein Kinderroboterspiel. Ein anderer kann einen Fahrstuhl bedienen. Bald k\u00f6nnten Boteng\u00e4nge im Pflegeheim folgen. Auf Seite 22 hilft sein Kollege in einer Seniorenwohnung aus. &nbsp;<\/td><\/tr><tr><td><img loading=\"lazy\" decoding=\"async\" width=\"100\" height=\"143\" class=\"wp-image-745\" style=\"width: 100px;\" src=\"https:\/\/www.morphia-projekt.de\/wp-content\/uploads\/2023\/05\/csm_Gross-Horst-Michael-170926ari31_67ccf12ecb.jpg\" alt=\"\"><\/td><td><strong>UNI<\/strong>ONLINE,<strong>&nbsp; 8.November 2022<br><em><a rel=\"noreferrer noopener\" href=\"https:\/\/www.tu-ilmenau.de\/unionline\/forschung\/details\/wir-entwickeln-roboter-die-menschen-helfen-993\" target=\"_blank\">\u201eWir entwickeln Roboter, die Menschen helfen\u201c<\/a><\/em><\/strong><br>Mit seiner praxisorientierten Ausrichtung treibt das <a rel=\"noreferrer noopener\" href=\"https:\/\/www.tu-ilmenau.de\/universitaet\/fakultaeten\/fakultaet-informatik-und-automatisierung\/profil\/institute-und-fachgebiete\/institut-fuer-technische-informatik-und-ingenieurinformatik\/fachgebiet-neuroinformatik-und-kognitive-robotik\" target=\"_blank\">Fachgebiet Neuroinformatik und Kognitive Robotik<\/a> den Einsatz von Assistenzrobotik in der Pflege, in der Reha und im Handel seit 25 Jahren voran. Im Interview erkl\u00e4rt Prof. Horst-Michael Gro\u00df, Leiter des Fachgebiets, wo Roboter Menschen im Alltag schon heute entlasten und wie sie zu einem verl\u00e4sslichen Partner in der Pflege werden k\u00f6nnen.<\/td><\/tr><tr><td><a href=\"https:\/\/www.morphia-projekt.de\/wp-content\/uploads\/2023\/05\/Digitalmonitor_2_2021.pdf\" data-type=\"attachment\" data-id=\"742\" target=\"_blank\" rel=\"noreferrer noopener\"><img loading=\"lazy\" decoding=\"async\" width=\"150\" height=\"210\" class=\"wp-image-747\" style=\"width: 150px;\" src=\"https:\/\/www.morphia-projekt.de\/wp-content\/uploads\/2023\/05\/Digitalmonitor_2_2021.png\" alt=\"\" srcset=\"https:\/\/www.morphia-projekt.de\/wp-content\/uploads\/2023\/05\/Digitalmonitor_2_2021.png 369w, https:\/\/www.morphia-projekt.de\/wp-content\/uploads\/2023\/05\/Digitalmonitor_2_2021-214x300.png 214w\" sizes=\"auto, (max-width: 150px) 100vw, 150px\" \/><\/a><\/td><td><strong><a href=\"https:\/\/www.morphia-projekt.de\/wp-content\/uploads\/2023\/05\/Digitalmonitor_2_2021.pdf\" data-type=\"attachment\" data-id=\"742\" target=\"_blank\" rel=\"noreferrer noopener\">Digitalmonitor Th\u00fcringen, #2, Juni 2021, S. 18-19<\/a><\/strong><br><strong><em>Mit K\u00fcnstlicher Intelligenz und Robotik zu einer besseren Pflege und Patientenversorgung<\/em><\/strong><br>Dass K\u00fcnstliche Intelligenz und Robotik wirklich breitenwirksam sind, zeigen drei aktuelle Projekte der TU Ilmenau. Das Fachgebiet Neuroinformatik &amp; Kognitive Robotik erforscht und entwickelt den Einsatz von Assistenzrobotik im klinischen und h\u00e4uslichen Umfeld. Sie soll zuk\u00fcnftig f\u00fcr mehr Lebensqualit\u00e4t im Alter sorgen.<\/td><\/tr><tr><td><img decoding=\"async\" src=\"http:\/\/www.serroga.de\/data\/uploads\/icons\/swr2-logo.jpg\" alt=\"\"><img decoding=\"async\" class=\"wp-image-624\" style=\"width: 400px;\" src=\"http:\/\/141.24.24.29\/wordpress\/wp-content\/uploads\/2022\/09\/fw-2019-05-15-sonaro-projektstart-icon.jpg\" alt=\"\"><img loading=\"lazy\" decoding=\"async\" width=\"400\" height=\"370\" class=\"wp-image-664\" style=\"width: 400px;\" src=\"https:\/\/www.morphia-projekt.de\/wp-content\/uploads\/2022\/09\/fw-2020-03-06-small.jpg\" alt=\"\"><\/td><td><strong>Freies Wort, 6.03.2020<\/strong><br><strong><em>Vernetzung soll Pflege erleichtern<\/em><\/strong><br>In einem gerade gestarteten Forschungsprojekt entwickelt die Technische Universit\u00e4t Ilmenau einen innovativen mobilen Assistenzroboter, der eine enge Vernetzung von Pflegebed\u00fcrftigen, pflegenden Angeh\u00f6rigen und Pflegepersonal erm\u00f6glichen soll.<\/td><\/tr><tr><td><img decoding=\"async\" src=\"http:\/\/www.serroga.de\/data\/uploads\/icons\/arte-roboter-doku.png\" alt=\"\"><img loading=\"lazy\" decoding=\"async\" width=\"80\" height=\"113\" class=\"wp-image-662\" style=\"width: 80px;\" src=\"https:\/\/www.morphia-projekt.de\/wp-content\/uploads\/2022\/09\/12-pm-assistenzrobotik-fuer-haeusliche-pflege.jpg\" alt=\"\"><\/td><td><strong><a rel=\"noreferrer noopener\" href=\"https:\/\/idw-online.de\/de\/news742805\" target=\"_blank\">Pressemitteilung 5.03.2020<\/a><\/strong>&nbsp;&nbsp; <strong>(Download als <a rel=\"noreferrer noopener\" href=\"https:\/\/www.morphia-projekt.de\/wp-content\/uploads\/2022\/09\/morphia-pressemitteilung-2020-03-05.pdf\" data-type=\"attachment\" data-id=\"669\" target=\"_blank\">PDF<\/a> \/ <a rel=\"noreferrer noopener\" href=\"https:\/\/www.morphia-projekt.de\/wp-content\/uploads\/2022\/09\/assistenzrobotik-fuer-haeusliche-pflege-durch-videobasiertes-angehoerigennetzwer.zip\" data-type=\"attachment\" data-id=\"665\" target=\"_blank\">ZIP<\/a>)&nbsp;<\/strong><br><strong><em>Assistenzrobotik f\u00fcr h\u00e4usliche Pflege durch videobasiertes Angeh\u00f6rigennetzwerk<\/em><\/strong><br>In einem gerade gestarteten Forschungsprojekt entwickelt die Technische Universit\u00e4t Ilmenau einen innovativen mobilen Assistenzroboter, der eine enge Vernetzung von Pflegebed\u00fcrftigen, pflegenden Angeh\u00f6rigen und Pflegepersonal erm\u00f6glichen soll. Das Verbundprojekt MORPHIA (Mobiler robotischer Pflegeassistent zur Verbesserung von Teilhabe, Versorgung und Sicherheit in der h\u00e4uslichen Pflege durch videobasiertes Angeh\u00f6rigennetzwerk) wurde im Rahmen des BMBF-Wettbewerbs zum F\u00f6rderschwerpunkt \u201eRobotische Systeme f\u00fcr die Pflege\u201c als eines der Siegerprojekte ausgew\u00e4hlt und wird bei einem Gesamtvolumen von 2,28 Millionen Euro vom Bundesministeriums f\u00fcr Bildung und Forschung mit 1,64 Millionen Euro f\u00fcr drei Jahre gef\u00f6rdert.&nbsp;Die TU Ilmenau koordiniert den Forschungsverbund, dem insgesamt acht Partnern aus Wissenschaft, Technologiefirmen und dem Pflegebereich angeh\u00f6ren.<\/td><\/tr><\/tbody><\/table><\/figure>\n","protected":false},"excerpt":{"rendered":"<p>Management &amp; Krankenhaus 1-2\/2024, 43. Jahrgang, S. 20Assistenzroboter zur Vernetzung von Senioren und PflegernIn einem Forschungsprojekt hat die TU Ilmenau gemeinsam mit sechs Partnern einen Assistenzroboter entwickelt,der es Pflegebed\u00fcrftigen erm\u00f6glicht, von zu Hause aus zu kommunizieren und so mit den Personen, die sie pflegen, vernetzt zu bleiben. Bild-Zeitung (Th\u00fcringen), 10.07.2023Jetzt passt Robby auf Oma (79) &#8230; <a title=\"Presse\" class=\"read-more\" href=\"https:\/\/www.morphia-projekt.de\/?page_id=576\" aria-label=\"Mehr Informationen \u00fcber Presse\">Weiterlesen<\/a><\/p>\n","protected":false},"author":1,"featured_media":0,"parent":0,"menu_order":0,"comment_status":"closed","ping_status":"closed","template":"","meta":{"footnotes":""},"class_list":["post-576","page","type-page","status-publish"],"_links":{"self":[{"href":"https:\/\/www.morphia-projekt.de\/index.php?rest_route=\/wp\/v2\/pages\/576","targetHints":{"allow":["GET"]}}],"collection":[{"href":"https:\/\/www.morphia-projekt.de\/index.php?rest_route=\/wp\/v2\/pages"}],"about":[{"href":"https:\/\/www.morphia-projekt.de\/index.php?rest_route=\/wp\/v2\/types\/page"}],"author":[{"embeddable":true,"href":"https:\/\/www.morphia-projekt.de\/index.php?rest_route=\/wp\/v2\/users\/1"}],"replies":[{"embeddable":true,"href":"https:\/\/www.morphia-projekt.de\/index.php?rest_route=%2Fwp%2Fv2%2Fcomments&post=576"}],"version-history":[{"count":19,"href":"https:\/\/www.morphia-projekt.de\/index.php?rest_route=\/wp\/v2\/pages\/576\/revisions"}],"predecessor-version":[{"id":784,"href":"https:\/\/www.morphia-projekt.de\/index.php?rest_route=\/wp\/v2\/pages\/576\/revisions\/784"}],"wp:attachment":[{"href":"https:\/\/www.morphia-projekt.de\/index.php?rest_route=%2Fwp%2Fv2%2Fmedia&parent=576"}],"curies":[{"name":"wp","href":"https:\/\/api.w.org\/{rel}","templated":true}]}}