{"id":574,"date":"2022-02-11T12:56:10","date_gmt":"2022-02-11T11:56:10","guid":{"rendered":"http:\/\/141.24.24.29\/wordpress\/?page_id=574"},"modified":"2026-01-08T10:44:39","modified_gmt":"2026-01-08T09:44:39","slug":"publikationen","status":"publish","type":"page","link":"https:\/\/www.morphia-projekt.de\/?page_id=574","title":{"rendered":"Publikationen"},"content":{"rendered":"\n<h3 class=\"wp-block-heading\"><\/h3>\n\n\n\n<p><\/p>\n\n\n\n<p><\/p>\n\n\n\n<p><\/p>\n\n\n\n<p><\/p>\n\n\n\n<p><strong>2025<\/strong><\/p>\n\n\n\n<p><strong>Wengefeld, T., Steffen, Y., Sch\u00fctz, B., Seichter, D., Scheidig, A., M\u00fcller, M.M., Kranz, F., Striebinger, J., Klein, B., Krabbe, M., Fricke, Ch., Meyer, S., G\u00fcnther, D., Strecker, T., H\u00fclsken-Giesler, M., Gross, H.-M.<\/strong><br><em>A Mobile Robotic Assistant to Improve Social Care Networking for Older and Frail People at Home: Main Results of the MORPHIA-Project.<\/em><br>in: Int. Journal of Social Robotics, vol. 17, pp.1647-1670, Springer 2025 [<a href=\"https:\/\/www.tu-ilmenau.de\/universitaet\/fakultaeten\/fakultaet-informatik-und-automatisierung\/profil\/institute-und-fachgebiete\/institut-fuer-technische-informatik-und-ingenieurinformatik\/fachgebiet-neuroinformatik-und-kognitive-robotik\/publikationen\/zeitschriften\/bibtex\/wengefeld-jsr-2025\" target=\"_blank\" rel=\"noreferrer noopener\">BibTex<\/a>] [<a href=\"https:\/\/www.tu-ilmenau.de\/fileadmin\/Bereiche\/IA\/neurob\/Publikationen\/journals\/Wengefeld-SoRo-2025.pdf\" target=\"_blank\" rel=\"noreferrer noopener\">PDF<\/a>]<br><a href=\"https:\/\/doi.org\/10.1007\/s12369-025-01279-6\" target=\"_blank\" rel=\"noreferrer noopener\">https:\/\/doi.org\/10.1007\/s12369-025-01279-6<\/a><\/p>\n\n\n\n<p><strong>2024<\/strong><\/p>\n\n\n\n<p><strong>Wengefeld, T.,&nbsp; Seichter, D.,&nbsp; Lewandowski, B., Gross, H.-M.<\/strong><br><em>Enhancing Person Perception for Mobile Robotics by Real-Time RGB-D Person Attribute Estimation.<\/em><br>in: IEEE\/SICE Int. Symp. on System Integration (SII), Ha Long, Vietnam, pp. 914-921, IEEE 2024 [<a href=\"https:\/\/www.tu-ilmenau.de\/universitaet\/fakultaeten\/fakultaet-informatik-und-automatisierung\/profil\/institute-und-fachgebiete\/institut-fuer-technische-informatik-und-ingenieurinformatik\/fachgebiet-neuroinformatik-und-kognitive-robotik\/publikationen\/konferenzen-international\/bibtex\/wengefeld-sii-2024\" target=\"_blank\" rel=\"noreferrer noopener\">BibTex<\/a>] [<a href=\"https:\/\/www.tu-ilmenau.de\/fileadmin\/Bereiche\/IA\/neurob\/Publikationen\/conferences_int\/2024\/Wengefeld-SII-2024.pdf\" target=\"_blank\" rel=\"noreferrer noopener\">PDF]<\/a><br><a href=\"https:\/\/doi.org\/10.1109\/SII58957.2024.10417431\" target=\"_blank\" rel=\"noreferrer noopener\">doi.org\/10.1109\/SII58957.2024.10417431<\/a><\/p>\n\n\n\n<p><strong>2023<\/strong><\/p>\n\n\n\n<p><strong>Fischedick, S. B., Richter, K., Wengefeld, T., Seichter, D., Scheidig, A., D\u00f6ring, N., Broll, W., Werner, St., Raake, A., Gross, H.-M.<\/strong><br><em>Bridging Distance with a Collaborative Telepresence Robot for Older Adults &#8212; Report on Progress in the CO-HUMANICS Project.<\/em><br>in: Int. Symposium on Robotics (ISR Europe), Stuttgart, Germany, pp. 346-353, VDE 2023 [<a href=\"https:\/\/www.tu-ilmenau.de\/universitaet\/fakultaeten\/fakultaet-informatik-und-automatisierung\/profil\/institute-und-fachgebiete\/institut-fuer-technische-informatik-und-ingenieurinformatik\/fachgebiet-neuroinformatik-und-kognitive-robotik\/publikationen\/konferenzen-international\/bibtex\/fischedick-ijcnn-2023-1\" target=\"_blank\" rel=\"noreferrer noopener\">BibTex<\/a>] [<a href=\"https:\/\/www.tu-ilmenau.de\/fileadmin\/Bereiche\/IA\/neurob\/Publikationen\/conferences_int\/2023\/Fischedick-ISR-2023.pdf\" target=\"_blank\" rel=\"noreferrer noopener\">PDF<\/a>]<\/p>\n\n\n\n<p><strong>Seichter, D., Stephan, B., Fischedick, S. B., M\u00fcller, St., Rabes, L., Gross, H.-M.<\/strong><br><em>PanopticNDT: Efficient and Robust Panoptic Mapping.<\/em><br>in: Int. Conf. on Intelligent Robots and Systems (IROS), Detroit,&nbsp; USA, pp. 7233-7240, IEEE 2023 [<a href=\"https:\/\/www.tu-ilmenau.de\/universitaet\/fakultaeten\/fakultaet-informatik-und-automatisierung\/profil\/institute-und-fachgebiete\/institut-fuer-technische-informatik-und-ingenieurinformatik\/fachgebiet-neuroinformatik-und-kognitive-robotik\/publikationen\/konferenzen-international\/bibtex\/mueller-ecmr-2023-1\" target=\"_blank\" rel=\"noreferrer noopener\">BibTex<\/a>] [<a href=\"https:\/\/www.tu-ilmenau.de\/fileadmin\/Bereiche\/IA\/neurob\/Publikationen\/conferences_int\/2023\/Seichter-IROS-2023.pdf\" target=\"_blank\" rel=\"noreferrer noopener\">PDF<\/a>]<br><a href=\"https:\/\/doi.org\/10.1109\/IROS55552.2023.10342137\" target=\"_blank\" rel=\"noreferrer noopener\">https:\/\/doi.org\/10.1109\/IROS55552.2023.10342137<\/a><\/p>\n\n\n\n<p><strong>2022<\/strong><\/p>\n\n\n\n<p><strong>Seichter, D., Fischedick, S. B., K\u00f6hler, M., Gross, H.-M.<\/strong><br><em>Efficient Multi-Task RGB-D Scene Analysis for Indoor Environments.<\/em> <br>in: Int. Joint Conf. on Neural Networks (IJCNN), Padua, Italy, pp. 1-10, IEEE 2022 [<a rel=\"noreferrer noopener\" href=\"https:\/\/www.tu-ilmenau.de\/universitaet\/fakultaeten\/fakultaet-informatik-und-automatisierung\/profil\/institute-und-fachgebiete\/institut-fuer-technische-informatik-und-ingenieurinformatik\/fachgebiet-neuroinformatik-und-kognitive-robotik\/publikationen\/konferenzen-international\/bibtex\/seichter-ijcnn-2022\" target=\"_blank\">BibTex<\/a>] [<a rel=\"noreferrer noopener\" href=\"https:\/\/www.tu-ilmenau.de\/fileadmin\/Bereiche\/IA\/neurob\/Publikationen\/conferences_int\/2022\/Seichter-IJCNN-2022.pdf\" target=\"_blank\">PDF<\/a>]<\/p>\n\n\n\n<p><strong>Seichter, D., Langer, P., Wengefeld, T., Lewandowski, B., H\u00f6chemer, D., Gross, H.-M.<\/strong><br><em>Efficient and Robust Semantic Mapping for Indoor Environments<\/em>.<br>in: IEEE Int. Conf. on Robotics and Automation (ICRA), Philadelphia,&nbsp; USA, pp. 9221-9227, IEEE 2022 [<a rel=\"noreferrer noopener\" href=\"https:\/\/www.tu-ilmenau.de\/universitaet\/fakultaeten\/fakultaet-informatik-und-automatisierung\/profil\/institute-und-fachgebiete\/institut-fuer-technische-informatik-und-ingenieurinformatik\/fachgebiet-neuroinformatik-und-kognitive-robotik\/publikationen\/konferenzen-international\/bibtex\/seichter-ijcnn-2022-1\" target=\"_blank\">BibTex<\/a>] [<a rel=\"noreferrer noopener\" href=\"https:\/\/www.tu-ilmenau.de\/fileadmin\/Bereiche\/IA\/neurob\/Publikationen\/conferences_int\/2022\/Seichter-ICRA-2022.pdf\" target=\"_blank\">PDF<\/a>]<strong><br><br>Wengefeld, T., Sch\u00fctz, B., Girdziunaite, G., Scheidig, A., Gross, H.-M.<\/strong> <br><em>The MORPHIA Project: First Results of a Long-Term User Study in an Elderly Care Scenario from Robotic Point of View.<\/em> <br>in: Int. Symposium on Robotics (ISR Europe), Munich, Germany, pp. 1-8, VDE 2022 [<a rel=\"noreferrer noopener\" href=\"https:\/\/www.tu-ilmenau.de\/universitaet\/fakultaeten\/fakultaet-informatik-und-automatisierung\/profil\/institute-und-fachgebiete\/institut-fuer-technische-informatik-und-ingenieurinformatik\/fachgebiet-neuroinformatik-und-kognitive-robotik\/publikationen\/konferenzen-international\/bibtex\/wengefeld-isr-2022\" target=\"_blank\">BibTex<\/a>] [<a rel=\"noreferrer noopener\" href=\"https:\/\/www.tu-ilmenau.de\/fileadmin\/Bereiche\/IA\/neurob\/Publikationen\/conferences_int\/2022\/Wengefeld-ISR-2022.pdf\" target=\"_blank\">PDF<\/a>]<\/p>\n\n\n\n<p><\/p>\n\n\n\n<p><br><strong>2021<\/strong><\/p>\n\n\n\n<p><strong>Krabbe, Martin; Steffen, Yvonne; Meyer, Sibylle; H\u00fclsken-Giesler, Manfred<\/strong><br><em>Strukturanalyse von Sorgenetzwerken \u00e4lterer Menschen im Rahmen einer Anforderungsanalyse zu Assistenzrobotik in der h\u00e4uslichen Umgebung<\/em><br><a rel=\"noreferrer noopener\" href=\"https:\/\/www.eventclass.org\/contxt_czp2021\/online-program\/session?s=4#e3\" target=\"_blank\">4. Clusterkonferenz &#8220;Zukunft der Pflege&#8221;<\/a>, Hannover, Germany [<a href=\"https:\/\/www.morphia-projekt.de\/wp-content\/uploads\/2022\/09\/krabbe-czp-2021-abstract-final.pdf\" data-type=\"attachment\" data-id=\"666\" target=\"_blank\" rel=\"noreferrer noopener\">Abstract<\/a>]<\/p>\n\n\n\n<p><strong>Seichter, D., K\u00f6hler, M., Lewandowski, B., Wengefeld, T., Gross, H.-M.<\/strong><br><em>Efficient RGB-D Semantic Segmentation for Indoor Scene Analysis.<\/em><br>IEEE Int. Conf. on Robotics and Automation (ICRA), Xian, China , pp. 13525-13531, IEEE 2021 [<a href=\"https:\/\/www.tu-ilmenau.de\/universitaet\/fakultaeten\/fakultaet-informatik-und-automatisierung\/profil\/institute-und-fachgebiete\/institut-fuer-technische-informatik-und-ingenieurinformatik\/fachgebiet-neuroinformatik-und-kognitive-robotik\/publikationen\/konferenzen-international\/bibtex\/mueller-ecmr-2021-1-1\" target=\"_blank\" rel=\"noreferrer noopener\">BibTeX<\/a>] [<a href=\"https:\/\/www.tu-ilmenau.de\/fileadmin\/Bereiche\/IA\/neurob\/Publikationen\/conferences_int\/2021\/Seichter-ICRA-2021.pdf\" target=\"_blank\" rel=\"noreferrer noopener\">PDF<\/a>]<\/p>\n\n\n\n<p><strong>Wengefeld, T., Lewandowski, B., Seichter, D., Pfennig, L., M\u00fcller, St., Gross, H.-M.<\/strong><br><em>Real-time Person Orientation Estimation and Tracking using Colored Point Clouds.<\/em><br>Robotics and Autonomous Systems (RAS), vol. 135 (2021), 103665 ff., Elsevier <a href=\"http:\/\/doi.org\/10.1016\/j.robot.2020.103665\" target=\"_blank\" rel=\"noreferrer noopener\">doi.org\/10.1016\/j.robot.2020.103665<\/a> [<a href=\"https:\/\/www.tu-ilmenau.de\/universitaet\/fakultaeten\/fakultaet-informatik-und-automatisierung\/profil\/institute-und-fachgebiete\/institut-fuer-technische-informatik-und-ingenieurinformatik\/fachgebiet-neuroinformatik-und-kognitive-robotik\/publikationen\/zeitschriften\/bibtex\/wengefeld-ras-2020\" target=\"_blank\" rel=\"noreferrer noopener\">BibTeX<\/a>] [<a href=\"https:\/\/www.tu-ilmenau.de\/fileadmin\/Bereiche\/IA\/neurob\/Publikationen\/journals\/Wengefeld-RAS-2020.pdf\" target=\"_blank\" rel=\"noreferrer noopener\">PDF<\/a>]<\/p>\n\n\n\n<p><strong>2020<\/strong><\/p>\n\n\n\n<p><strong>Seichter, D., Lewandowski, B., H\u00f6chemer, D., Wengefeld, T., Gross, H.-M.<\/strong><br><em>Multi-Task Deep Learning for Depth-based Person Perception in Mobile Robotics.<\/em><br>IEEE\/RSJ Int. Conf. on Intelligent Robots and Systems (IROS), Las Vegas, pp. 10497-504, IEEE 2020 [<a href=\"https:\/\/www.tu-ilmenau.de\/universitaet\/fakultaeten\/fakultaet-informatik-und-automatisierung\/profil\/institute-und-fachgebiete\/institut-fuer-technische-informatik-und-ingenieurinformatik\/fachgebiet-neuroinformatik-und-kognitive-robotik\/publikationen\/konferenzen-international\/bibtex\/seichter-iros-2020\" target=\"_blank\" rel=\"noreferrer noopener\">BibTeX<\/a>] [<a href=\"https:\/\/www.tu-ilmenau.de\/fileadmin\/Bereiche\/IA\/neurob\/Publikationen\/conferences_int\/2020\/Seichter-IROS-2020.pdf\" target=\"_blank\" rel=\"noreferrer noopener\">PDF<\/a>]<\/p>\n","protected":false},"excerpt":{"rendered":"<p>2025 Wengefeld, T., Steffen, Y., Sch\u00fctz, B., Seichter, D., Scheidig, A., M\u00fcller, M.M., Kranz, F., Striebinger, J., Klein, B., Krabbe, M., Fricke, Ch., Meyer, S., G\u00fcnther, D., Strecker, T., H\u00fclsken-Giesler, M., Gross, H.-M.A Mobile Robotic Assistant to Improve Social Care Networking for Older and Frail People at Home: Main Results of the MORPHIA-Project.in: Int. Journal &#8230; <a title=\"Publikationen\" class=\"read-more\" href=\"https:\/\/www.morphia-projekt.de\/?page_id=574\" aria-label=\"Mehr Informationen \u00fcber Publikationen\">Weiterlesen<\/a><\/p>\n","protected":false},"author":1,"featured_media":0,"parent":0,"menu_order":0,"comment_status":"closed","ping_status":"closed","template":"","meta":{"footnotes":""},"class_list":["post-574","page","type-page","status-publish"],"_links":{"self":[{"href":"https:\/\/www.morphia-projekt.de\/index.php?rest_route=\/wp\/v2\/pages\/574","targetHints":{"allow":["GET"]}}],"collection":[{"href":"https:\/\/www.morphia-projekt.de\/index.php?rest_route=\/wp\/v2\/pages"}],"about":[{"href":"https:\/\/www.morphia-projekt.de\/index.php?rest_route=\/wp\/v2\/types\/page"}],"author":[{"embeddable":true,"href":"https:\/\/www.morphia-projekt.de\/index.php?rest_route=\/wp\/v2\/users\/1"}],"replies":[{"embeddable":true,"href":"https:\/\/www.morphia-projekt.de\/index.php?rest_route=%2Fwp%2Fv2%2Fcomments&post=574"}],"version-history":[{"count":13,"href":"https:\/\/www.morphia-projekt.de\/index.php?rest_route=\/wp\/v2\/pages\/574\/revisions"}],"predecessor-version":[{"id":789,"href":"https:\/\/www.morphia-projekt.de\/index.php?rest_route=\/wp\/v2\/pages\/574\/revisions\/789"}],"wp:attachment":[{"href":"https:\/\/www.morphia-projekt.de\/index.php?rest_route=%2Fwp%2Fv2%2Fmedia&parent=574"}],"curies":[{"name":"wp","href":"https:\/\/api.w.org\/{rel}","templated":true}]}}