{"id":572,"date":"2022-02-11T12:54:27","date_gmt":"2022-02-11T11:54:27","guid":{"rendered":"http:\/\/141.24.24.29\/wordpress\/?page_id=572"},"modified":"2023-10-12T11:12:19","modified_gmt":"2023-10-12T09:12:19","slug":"diary","status":"publish","type":"page","link":"https:\/\/www.morphia-projekt.de\/?page_id=572","title":{"rendered":"Diary"},"content":{"rendered":"\n<p><strong>2023<\/strong><\/p>\n\n\n\n<ul class=\"wp-block-list\">\n<li>7.07.2023 <a rel=\"noreferrer noopener\" href=\"https:\/\/www.morphia-projekt.de\/wp-content\/uploads\/2023\/07\/MORPHIA-Partnerzustaendigkeiten-Presse-Handout-final.pdf\" data-type=\"attachment\" data-id=\"767\" target=\"_blank\">Abschlussveranstaltung in Ilmenau<\/a><\/li>\n\n\n\n<li>3.07.2023 Vertretung von MORPHIA bei der <a rel=\"noreferrer noopener\" href=\"https:\/\/www.twpa.de\/programm\/archiv\/event\/131-pflegefall-pflege\" target=\"_blank\">Th\u00fcringer Woche der pflegenden Angeh\u00f6rigen\u00a0 zur Diskussionsrunde \u201cDie Pflege braucht ein Update: qualitativ, vernetzt, digital unterst\u00fctzt\u201d<\/a><\/li>\n\n\n\n<li>5\/2023 Teilnahme an der Abschlussveranstaltung der BMBF-F\u00f6rderlinie &#8220;Robotik f\u00fcr die Pflege&#8221; in Osnabr\u00fcck mit Roboterdemonstrator und Vortrag<\/li>\n\n\n\n<li>3\/2022 Teilnahme am 3. Vernetzungs-Symposium der BMBF-F\u00f6rderlinie \u201eRobotische Systeme f\u00fcr die Pflege\u201c<\/li>\n\n\n\n<li>2-5\/2023 Nutzertest bei f\u00fcnf Senioren und deren Sorgenetzwerken in Wohnungen der AWO in Ilmenau<\/li>\n<\/ul>\n\n\n\n<p><strong>2022<\/strong><\/p>\n\n\n\n<ul class=\"wp-block-list\">\n<li>9\/2022 Teilnahme an der Forschungswerkstatt &#8220;Bewertungsinstrumente&#8221;<\/li>\n\n\n\n<li>7\/2022 <a rel=\"noreferrer noopener\" href=\"https:\/\/www.igb.uni-osnabrueck.de\/abteilungen\/pflegewissenschaft\/aktuelles.html\" target=\"_blank\">Beitrag zu MORPHIA auf der Homepage des Instituts f\u00fcr Gesundheitsforschung und Bildung (Abteilung Pflegewissenschaft)<\/a> <\/li>\n\n\n\n<li>6-8\/2022 Nutzertest bei drei Senioren und deren Sorgenetzwerken in Wohnungen der AWO in Ilmenau<\/li>\n\n\n\n<li>6\/2022 Teilnahme an der Forschungswerkstatt &#8220;Rechtsfragen und Versicherungen&#8221;<\/li>\n\n\n\n<li>5\/2022 Teilnahme an der Forschungswerkstatt &#8220;Evaluationsmethoden (2)&#8221;<\/li>\n\n\n\n<li>3\/2022 Durchf\u00fchrung eines ELSI Workshops mit Senioren, Angeh\u00f6rigen und Vertretern von Angeh\u00f6rigen-Verb\u00e4nden<\/li>\n\n\n\n<li>2\/2022 Teilnahme am 2. Vernetzungs-Symposium der BMBF-F\u00f6rderlinie \u201eRobotische Systeme f\u00fcr die Pflege\u201c<\/li>\n\n\n\n<li>1\/2022 Teilnahme an der Forschungswerkstatt &#8220;Evaluationsmethoden&#8221;<\/li>\n<\/ul>\n\n\n\n<p><strong>2021<\/strong><\/p>\n\n\n\n<ul class=\"wp-block-list\">\n<li>10\/2021 Moderation einer Breakout-Session der Veranstaltung &#8220;Ich, Zukunft und integrierte Forschung&#8221;<\/li>\n\n\n\n<li>10\/2021 Vorstellung des Projekts Morphia bei einer Veranstaltung der Seniorenunion CDU Mainz<\/li>\n\n\n\n<li>10\/2021 Teilnahme an der Forschungswerkstatt &#8220;Evaluationsmethoden (2)&#8221;<\/li>\n\n\n\n<li>9\/2021 Gr\u00fcndung der Arbeitsgruppe &#8220;\u00dcbergreifende Methoden im Call Robotik f\u00fcr die Pflege&#8221;<\/li>\n\n\n\n<li>22.09.2021 Teilnahme an der Forschungswerkstatt &#8220;Produktentwicklung am Nutzer orientiert&#8221;<\/li>\n\n\n\n<li>16.+17.09.2021 Teilnahme an der Clusterkonferenz &#8220;Zukunft der Pflege&#8221;<\/li>\n\n\n\n<li>8-10\/2021 je zweiw\u00f6chigen Nutzertests bei f\u00fcnf Senioren und deren Sorgenetztwerk in Servicewohnanlage Artis-S\u00fcd in Erfurt<\/li>\n\n\n\n<li>7\/2021 Techniktests in Seniorenwohnungen bei Artis<\/li>\n\n\n\n<li>7\/2021 Ende Test des Stand-Alone Demonstrators in Seniorenwohnung in Bad Homburg<\/li>\n\n\n\n<li>7\/2021 Fertigung, Erprobung und Inbetriebnahme von drei MORPHIA-Roboter-Prototypen<\/li>\n\n\n\n<li>19.07.2021 Interner ELSI Workshop<\/li>\n\n\n\n<li>2.06.2021 Teilnahme an der Forschungswerkstatt &#8220;Evaluationsmethoden (1)&#8221;<\/li>\n\n\n\n<li>8.+28.06.2021 Technische Funktionstests des Gesamtsystems in Mitarbeiterwohnung durch gesamtes Konsortium<\/li>\n\n\n\n<li>10.05.2021 Technische Funktionstests des Gesamtsystems in Mitarbeiterwohnung durch gesamtes Konsortium<\/li>\n\n\n\n<li>4\/2021 Gruppendiskussionen zum MORPHIA-Konzept und den Use Cases mit Senioren bei Artis (teils vor Ort, teils online-unterst\u00fctzt) im Rahmen der nutzerzentrierten Entwicklung<\/li>\n\n\n\n<li>22.04.2021 Technische Funktionstests des Gesamtsystems in Mitarbeiterwohnung durch gesamtes Konsortium<\/li>\n\n\n\n<li>3-5\/2021 iterative Tests des Gesamtsystems in Mitarbeiterwohnungen<\/li>\n\n\n\n<li>2-6\/2021 konstruktiver Entwicklungsprozess der Projekt-Roboter<\/li>\n\n\n\n<li>2\/2021 Online-Gruppendiskussionen zum MORPHIA-Konzept und den Use Cases mit Angeh\u00f6rigen \u00e4lterer Menschen im Rahmen der nutzerzentrierten Entwicklung<\/li>\n\n\n\n<li>25.+26.02.2021 Teilnahme am Vernetzungssymposium<\/li>\n\n\n\n<li>27.01.2021 Teilnahme an der Forschungswerkstatt &#8220;Medizinprodukterecht&#8221;<\/li>\n<\/ul>\n\n\n\n<p><strong>2020<\/strong><\/p>\n\n\n\n<ul class=\"wp-block-list\">\n<li>12\/2020: Einreichung eines Ethikantrags und positives Ethikvotum durch die Ethikkommission der Universit\u00e4t Osnabr\u00fcck<\/li>\n\n\n\n<li>11\/2020: Begin Test des Stand-Alone Demonstrators in Seniorenwohnung in Bad Homburg<\/li>\n\n\n\n<li>11\/2020 Ausarbeitung des Untersuchungsdesigns zur Nutzereinbindung im Sinne einer partizipativen Entwicklung<\/li>\n\n\n\n<li>11\/2020: Finalisierung der computergest\u00fctzten Simulation des geplanten robotischen Systems durch das OFFIS-Institut Oldenburg<\/li>\n\n\n\n<li>9.11.2020 Teilnahme an der Forschungswerkstatt &#8220;Partizipative Methoden&#8221;<\/li>\n\n\n\n<li>30.11.2020 Aufnahme von MORPHIA in die BMBF-Publikation <a rel=\"noreferrer noopener\" href=\"https:\/\/www.interaktive-technologien.de\/service\/publikationen\/projektgalerie-2020-1\" target=\"_blank\">&#8220;Projektgalerie 2020&#8221;<\/a> im Bereich &#8220;Interaktive Technologien f\u00fcr Gesundheit und Lebensqualit\u00e4t&#8221;<\/li>\n\n\n\n<li>9\/2020: AWO AJS Th\u00fcringen gGmbH unterst\u00fctzt die qualitativen Erhebungen der Universit\u00e4t Osnabr\u00fcck im Bereich der ambulanten Pflege<\/li>\n\n\n\n<li>24.08.2020 online M6-Meilensteintreffen mit dem Projekttr\u00e4ger&nbsp;(<a rel=\"noreferrer noopener\" href=\"http:\/\/www.morphia-projekt.de\/data\/uploads\/texte\/morphia-2020-08-24-meilensteintreffen-agenda-final.pdf\" target=\"_blank\">Agenda<\/a>)<\/li>\n\n\n\n<li>8\/2020&nbsp;Beginn der Erstellung einer computergest\u00fctzten Simulation des geplanten robotischen Systems durch OFFIS-Institut Oldenburg im Unterauftrag zur Unterst\u00fctzung empirischer Erhebungen bei Pflegedienstleistern<\/li>\n\n\n\n<li>29.06.-2.07.2020&nbsp;Interviews mit Senioren vor Ort bei Artis zu deren Alltag, sozialen Kontakten und erhaltener Unterst\u00fctzung<\/li>\n\n\n\n<li>10.06.2020 Beginn der Fahrstabilit\u00e4tstests m\u00f6glicher Antriebsplattformen<\/li>\n\n\n\n<li>6\/2020 Teilnahme an der Forschungswerkstatt &#8220;Anforderungsanalysen&#8221;<\/li>\n\n\n\n<li>05\/2020 Fragebogenerhebung mit Senioren bei Artis zur Strukturanalyse der Sorgenetzwerke<\/li>\n\n\n\n<li>5\/2020&nbsp;Erste SLAM- und Lokalisationsests in Laborumgebung und Mitarbeiterwohnungen<\/li>\n\n\n\n<li>5\/2020&nbsp;Inbetriebnahme und Tests der Kinect Azure zur Tiefenbild basierten Personenwahrnehmung<\/li>\n\n\n\n<li>23.04.2020 Teilnahme von UoP, CIBEK und TUIL an der BMBF Auftaktveranstaltung &#8220;Robotik in der Pflege&#8221;<\/li>\n\n\n\n<li>4\/2020&nbsp;Einrichtung und Inbetriebnahme einer aus dem Vorg\u00e4ngerprojekt SYMPARTNER vorliegenden Roboterplattform<\/li>\n\n\n\n<li>8.04.2020&nbsp;Festlegung von Softwareschnittstellen zwischen Kommunikationsplattform und Roboterplattform<\/li>\n\n\n\n<li>3\/2020&nbsp;Inbetriebnahme und erste Tests mit der kommerziellen Roboterplattform Temi in Wohnungen zur Vorbereitung der Anforderungsanalyse in MORPHIA<\/li>\n\n\n\n<li>5.03.2020 Kickoff-Meeting (<a rel=\"noreferrer noopener\" href=\"http:\/\/www.morphia-projekt.de\/data\/uploads\/texte\/morphia-2020-03-05-kickoff-agenda.pdf\" target=\"_blank\">Agenda<\/a>)<\/li>\n\n\n\n<li>1.02.2020 Projektstart<\/li>\n<\/ul>\n\n\n\n<p><\/p>\n\n\n\n<p><\/p>\n","protected":false},"excerpt":{"rendered":"<p>2023 2022 2021 2020<\/p>\n","protected":false},"author":1,"featured_media":0,"parent":0,"menu_order":0,"comment_status":"closed","ping_status":"closed","template":"","meta":{"footnotes":""},"class_list":["post-572","page","type-page","status-publish"],"_links":{"self":[{"href":"https:\/\/www.morphia-projekt.de\/index.php?rest_route=\/wp\/v2\/pages\/572","targetHints":{"allow":["GET"]}}],"collection":[{"href":"https:\/\/www.morphia-projekt.de\/index.php?rest_route=\/wp\/v2\/pages"}],"about":[{"href":"https:\/\/www.morphia-projekt.de\/index.php?rest_route=\/wp\/v2\/types\/page"}],"author":[{"embeddable":true,"href":"https:\/\/www.morphia-projekt.de\/index.php?rest_route=\/wp\/v2\/users\/1"}],"replies":[{"embeddable":true,"href":"https:\/\/www.morphia-projekt.de\/index.php?rest_route=%2Fwp%2Fv2%2Fcomments&post=572"}],"version-history":[{"count":8,"href":"https:\/\/www.morphia-projekt.de\/index.php?rest_route=\/wp\/v2\/pages\/572\/revisions"}],"predecessor-version":[{"id":779,"href":"https:\/\/www.morphia-projekt.de\/index.php?rest_route=\/wp\/v2\/pages\/572\/revisions\/779"}],"wp:attachment":[{"href":"https:\/\/www.morphia-projekt.de\/index.php?rest_route=%2Fwp%2Fv2%2Fmedia&parent=572"}],"curies":[{"name":"wp","href":"https:\/\/api.w.org\/{rel}","templated":true}]}}