{"id":430,"date":"2022-02-09T16:01:53","date_gmt":"2022-02-09T15:01:53","guid":{"rendered":"http:\/\/141.24.24.29\/wordpress\/?page_id=430"},"modified":"2023-07-12T10:02:06","modified_gmt":"2023-07-12T08:02:06","slug":"fakten","status":"publish","type":"page","link":"https:\/\/www.morphia-projekt.de\/?page_id=430","title":{"rendered":"Fakten"},"content":{"rendered":"\n<p><strong>Titel:<\/strong> MORPHIA &#8211; <strong>Mo<\/strong>biler <strong>r<\/strong>obotischer <strong>P<\/strong>flegeassistent zur Verbesserung von Teilhabe, Versorgung und Sicherheit in der <strong>h<\/strong>\u00e4uslichen Pflege durch v<strong>i<\/strong>deobasiertes <strong>A<\/strong>ngeh\u00f6rigennetzwerk<\/p>\n\n\n\n<p><strong>Dauer:<\/strong>  01.02.2020 &#8211; 31.07.2023<\/p>\n\n\n\n<p><strong>F\u00f6rderung:<\/strong>  BMBF &#8211; Bundesministerium f\u00fcr Bildung und Forschung, F\u00f6rderlinie <a rel=\"noreferrer noopener\" href=\"https:\/\/www.pflege-und-robotik.de\/\" target=\"_blank\">\u201eRobotische Systeme f\u00fcr die Pflege&#8221; BeBeRobot<\/a><a rel=\"noreferrer noopener\" href=\"https:\/\/www.cluster-thueringen.de\/aktuelles\/forschergruppen\/\" target=\"_blank\">)<\/a> &#8211; <a rel=\"noreferrer noopener\" href=\"https:\/\/www.pflege-und-robotik.de\/projekte\/\" target=\"_blank\">Verbundprojekte<\/a>&nbsp;&nbsp;&nbsp; |&nbsp;&nbsp; <a rel=\"noreferrer noopener\" href=\"https:\/\/www.pflege-und-robotik.de\/wissenschaftliches-begleitprojekt-der-foerderlinie-beberobot\/\" target=\"_blank\">Begleitprojekt<\/a><\/p>\n\n\n\n<p><strong>Projektkoordinator:<\/strong>  <a rel=\"noreferrer noopener\" href=\"https:\/\/www.tu-ilmenau.de\/universitaet\/fakultaeten\/fakultaet-informatik-und-automatisierung\/profil\/institute-und-fachgebiete\/institut-fuer-technische-informatik-und-ingenieurinformatik\/fachgebiet-neuroinformatik-und-kognitive-robotik\/team\/mitarbeiter\/prof-dr-horst-michael-gross\" target=\"_blank\">Prof. Horst-Michael Gro\u00df (TU Ilmenau)<\/a><\/p>\n\n\n\n<p><strong>Projektpartner: <\/strong><\/p>\n\n\n\n<ul class=\"wp-block-list\"><li><a rel=\"noreferrer noopener\" href=\"http:\/\/www.tu-ilmenau.de\/neurob\/team\/prof-dr-horst-michael-gross\/\" target=\"_blank\"><\/a><a href=\"https:\/\/www.tu-ilmenau.de\/universitaet\/fakultaeten\/fakultaet-informatik-und-automatisierung\/profil\/institute-und-fachgebiete\/institut-fuer-technische-informatik-und-ingenieurinformatik\/fachgebiet-neuroinformatik-und-kognitive-robotik\">TU Ilmenau, FG Neuroinformatik und Kognitive Robotik<\/a> (Prof. Horst-Michael Gro\u00df)<\/li><li><a rel=\"noreferrer noopener\" href=\"http:\/\/www.tu-ilmenau.de\/neurob\/team\/prof-dr-horst-michael-gross\/\" target=\"_blank\"><\/a><a rel=\"noreferrer noopener\" href=\"https:\/\/www.metralabs.com\/\" target=\"_blank\">MetraLabs GmbH, Ilmenau<\/a> (Dr. Andreas Bley)<\/li><li><a rel=\"noreferrer noopener\" href=\"http:\/\/www.tu-ilmenau.de\/neurob\/team\/prof-dr-horst-michael-gross\/\" target=\"_blank\"><\/a><a rel=\"noreferrer noopener\" href=\"https:\/\/www.igb.uni-osnabrueck.de\/abteilungen\/pflegewissenschaft.html\" target=\"_blank\">Universit\u00e4t Osnabr\u00fcck, Lehrstuhl f\u00fcr Pflegewissenschaft<\/a> (Prof. Dr. H\u00fclsken-Giesler)<\/li><li><a rel=\"noreferrer noopener\" href=\"http:\/\/www.tu-ilmenau.de\/neurob\/team\/prof-dr-horst-michael-gross\/\" target=\"_blank\"><\/a><a rel=\"noreferrer noopener\" href=\"https:\/\/www.youse.de\/\" target=\"_blank\">YOUSE GmbH, Berlin<\/a> (Dr.-Ing. Sebastian Glende)<\/li><li><a rel=\"noreferrer noopener\" href=\"http:\/\/www.tu-ilmenau.de\/neurob\/team\/prof-dr-horst-michael-gross\/\" target=\"_blank\"><\/a><a rel=\"noreferrer noopener\" href=\"https:\/\/cibek.de\/\" target=\"_blank\">CIBEK technology + trading GmbH, Limburgerhof <\/a>(Dipl.-Ing.(FH) B. Klein)<\/li><li><a rel=\"noreferrer noopener\" href=\"https:\/\/artis-senioren.com\/erfurt-am-suedpark\/\" target=\"_blank\"><a rel=\"noreferrer noopener\" href=\"https:\/\/www.pflege-ilmenau.de\/\" target=\"_blank\">AWO Alten\u2011, Jugend\u2011 und Sozialhilfe gGmbH Regionalverbund Ilmenau<\/a><\/a> (Herr Strecker, Frau Maziejewsky)<\/li><li><a rel=\"noreferrer noopener\" href=\"http:\/\/www.tu-ilmenau.de\/neurob\/team\/prof-dr-horst-michael-gross\/\" target=\"_blank\"><\/a><a rel=\"noreferrer noopener\" href=\"http:\/\/www.sibis-institut.de\" target=\"_blank\">SIBIS Inst. f\u00fcr Sozialforschung &amp; Projektberatung GmbH, Berlin<\/a>\u00a0 (im Unterauftrag bei TU Ilmenau)<\/li><li><a rel=\"noreferrer noopener\" href=\"http:\/\/www.tu-ilmenau.de\/neurob\/team\/prof-dr-horst-michael-gross\/\" target=\"_blank\"><\/a><a rel=\"noreferrer noopener\" href=\"https:\/\/www.awo-ajs-thueringen.de\/\" target=\"_blank\">AWO AJS Th\u00fcringen gGmbh, Erfurt <\/a>(im Unterauftrag bei Universit\u00e4t Osnabr\u00fcck)<\/li><li>Assoziierter Partner:\u00a0\u00a0 <a rel=\"noreferrer noopener\" href=\"https:\/\/www.barmer.de\/\" target=\"_blank\">Barmer<\/a> (Frau Silke Oelkers)<\/li><\/ul>\n\n\n\n<p><strong>Verwandte Projekte:<\/strong>  <a rel=\"noreferrer noopener\" href=\"http:\/\/www.sympartner.de\" target=\"_blank\">SYMPARTNER<\/a><\/p>\n","protected":false},"excerpt":{"rendered":"<p>Titel: MORPHIA &#8211; Mobiler robotischer Pflegeassistent zur Verbesserung von Teilhabe, Versorgung und Sicherheit in der h\u00e4uslichen Pflege durch videobasiertes Angeh\u00f6rigennetzwerk Dauer: 01.02.2020 &#8211; 31.07.2023 F\u00f6rderung: BMBF &#8211; Bundesministerium f\u00fcr Bildung und Forschung, F\u00f6rderlinie \u201eRobotische Systeme f\u00fcr die Pflege&#8221; BeBeRobot) &#8211; Verbundprojekte&nbsp;&nbsp;&nbsp; |&nbsp;&nbsp; Begleitprojekt Projektkoordinator: Prof. Horst-Michael Gro\u00df (TU Ilmenau) Projektpartner: TU Ilmenau, FG Neuroinformatik und &#8230; <a title=\"Fakten\" class=\"read-more\" href=\"https:\/\/www.morphia-projekt.de\/?page_id=430\" aria-label=\"Mehr Informationen \u00fcber Fakten\">Weiterlesen<\/a><\/p>\n","protected":false},"author":1,"featured_media":0,"parent":0,"menu_order":0,"comment_status":"closed","ping_status":"closed","template":"","meta":{"footnotes":""},"class_list":["post-430","page","type-page","status-publish"],"_links":{"self":[{"href":"https:\/\/www.morphia-projekt.de\/index.php?rest_route=\/wp\/v2\/pages\/430","targetHints":{"allow":["GET"]}}],"collection":[{"href":"https:\/\/www.morphia-projekt.de\/index.php?rest_route=\/wp\/v2\/pages"}],"about":[{"href":"https:\/\/www.morphia-projekt.de\/index.php?rest_route=\/wp\/v2\/types\/page"}],"author":[{"embeddable":true,"href":"https:\/\/www.morphia-projekt.de\/index.php?rest_route=\/wp\/v2\/users\/1"}],"replies":[{"embeddable":true,"href":"https:\/\/www.morphia-projekt.de\/index.php?rest_route=%2Fwp%2Fv2%2Fcomments&post=430"}],"version-history":[{"count":21,"href":"https:\/\/www.morphia-projekt.de\/index.php?rest_route=\/wp\/v2\/pages\/430\/revisions"}],"predecessor-version":[{"id":760,"href":"https:\/\/www.morphia-projekt.de\/index.php?rest_route=\/wp\/v2\/pages\/430\/revisions\/760"}],"wp:attachment":[{"href":"https:\/\/www.morphia-projekt.de\/index.php?rest_route=%2Fwp%2Fv2%2Fmedia&parent=430"}],"curies":[{"name":"wp","href":"https:\/\/api.w.org\/{rel}","templated":true}]}}