{"id":191,"date":"2022-01-10T10:24:44","date_gmt":"2022-01-10T09:24:44","guid":{"rendered":"http:\/\/141.24.24.29\/wordpress\/?page_id=191"},"modified":"2022-02-08T09:15:06","modified_gmt":"2022-02-08T08:15:06","slug":"impressum","status":"publish","type":"page","link":"https:\/\/www.morphia-projekt.de\/?page_id=191","title":{"rendered":"Impressum"},"content":{"rendered":"\n<p>Der Verantwortliche im Sinne der Datenschutz-Grundverordnung und anderer nationaler Datenschutzgesetze der Mitgliedsstaaten sowie sonstiger datenschutzrechtlicher Bestimmungen ist die:<br><br>Technische Universit\u00e4t Ilmenau<br>Fachgebiet Neuroinformatik und Kognitive Robotik<br>Prof. Dr.-Ing. Horst-Michael Gro\u00df<br>Helmholtzplatz 5<br>98693 Ilmenau<\/p>\n\n\n\n<p>Tel.: +49 3677 69-2858<br>Fax: +49 3677 69-1665<br>E-Mail: <a href=\"mailto:fg-nikr@tu-ilmenau.de\">fg-nikr@tu-ilmenau.de<\/a><br>&nbsp;<\/p>\n\n\n\n<p>Fotonachweise:<\/p>\n\n\n\n<p>TU Ilmenau<\/p>\n\n\n\n<hr class=\"wp-block-separator\"\/>\n\n\n\n<p><br>1. Inhalt des Onlineangebotes\/Haftungsausschluss<\/p>\n\n\n\n<p>Der Verantwortliche \u00fcbernimmt keine Gew\u00e4hr f\u00fcr die Aktualit\u00e4t, Korrektheit, Vollst\u00e4ndigkeit oder Qualit\u00e4t der von ihr bereitgestellten Informationen. Grunds\u00e4tzlich ausgeschlossen sind Haftungsanspr\u00fcche, welche sich auf Sch\u00e4den materieller oder ideeller Art beziehen, die durch die Nutzung oder Nichtnutzung der dargebotenen Informationen bzw. durch die Nutzung fehlerhafter und unvollst\u00e4ndiger Informationen verursacht wurden, sofern der Verantwortliche nicht nachweislich vors\u00e4tzlich oder grob fahrl\u00e4ssig gehandelt haben.<\/p>\n\n\n\n<p>Alle Informationsangebote sind unverbindlich. Der Verantwortliche beh\u00e4lt es sich ausdr\u00fccklich vor, Teile der Seiten oder das gesamte Angebot ohne gesonderte Ank\u00fcndigung zu ver\u00e4ndern, zu erg\u00e4nzen, zu l\u00f6schen oder die Ver\u00f6ffentlichung zeitweise oder endg\u00fcltig einzustellen.<\/p>\n\n\n\n<p><br>2. Verweise\/Verkn\u00fcpfungen (\u201eLinks\u201c)<\/p>\n\n\n\n<p>Von den Seiten&nbsp;f\u00fchren Links zu anderen Seiten im Internet. Der Verantwortliche erkl\u00e4rt, dass er&nbsp;keinen Einfluss auf Inhalte und Gestaltung dieser Seiten hat und sich diese auch nicht zu Eigen macht.<\/p>\n\n\n\n<p>Der Verantwortliche&nbsp;erkl\u00e4rt hiermit ausdr\u00fccklich, dass zum Zeitpunkt der Linksetzung keine illegalen Inhalte auf den zu verlinkenden Seiten erkennbar waren. Auf die aktuelle und zuk\u00fcnftige Gestaltung, die Inhalte und\/oder die Urheberschaft durch Links verkn\u00fcpfte Seiten hat der Verantwortliche&nbsp;keinerlei Einfluss. Deshalb distanziert sich der Verantwortliche&nbsp;hiermit ausdr\u00fccklich von allen verlinkten Seiten, die nach der Linksetzung ver\u00e4ndert wurden. Dies gilt f\u00fcr alle innerhalb des eigenen Internetangebotes gesetzten Links sowie f\u00fcr Fremdeintr\u00e4ge in vom Autor z.B. eingerichteten G\u00e4steb\u00fcchern, Diskussionsforen und Mailinglisten. F\u00fcr illegale, fehlerhafte oder unvollst\u00e4ndige Inhalte und insbesondere f\u00fcr Sch\u00e4den, die aus der Nutzung solcher Informationen entstehen, haftet allein der Anbieter der Seite, auf welche verwiesen wurde, und nicht derjenige, der \u00fcber Links auf die jeweilige Ver\u00f6ffentlichung lediglich verweist.<\/p>\n\n\n\n<p>3. Urheber- und Kennzeichenrecht<\/p>\n\n\n\n<p>Der Verantwortliche&nbsp;ist bestrebt, in allen Publikationen die Urheberrechte der verwendeten Grafiken, Tondokumente, Videosequenzen und Texte zu beachten. Alle innerhalb des Internetangebotes genannten und ggf. durch Dritte gesch\u00fctzten Marken- und Warenzeichen unterliegen uneingeschr\u00e4nkt den Bestimmungen des jeweils g\u00fcltigen Kennzeichenrechts und den Besitzrechten der jeweiligen eingetragenen Eigent\u00fcmer. Allein aufgrund der blo\u00dfen Nennung ist nicht der Schluss zu ziehen, dass Markenzeichen nicht durch Rechte Dritter gesch\u00fctzt sind.<\/p>\n\n\n\n<p>Das Copyright f\u00fcr ver\u00f6ffentlichte, vom Fachgebiet Neuroinformatik selbst erstellte Objekte bleibt allein bei dessen Urhebern. Eine Vervielf\u00e4ltigung oder Verwendung solcher Grafiken, Tondokumente, Videosequenzen und Texte in anderen elektronischen oder gedruckten Publikationen ist ohne ausdr\u00fcckliche Zustimmung der Urheber nicht gestattet.<\/p>\n","protected":false},"excerpt":{"rendered":"<p>Der Verantwortliche im Sinne der Datenschutz-Grundverordnung und anderer nationaler Datenschutzgesetze der Mitgliedsstaaten sowie sonstiger datenschutzrechtlicher Bestimmungen ist die: Technische Universit\u00e4t IlmenauFachgebiet Neuroinformatik und Kognitive RobotikProf. Dr.-Ing. Horst-Michael Gro\u00dfHelmholtzplatz 598693 Ilmenau Tel.: +49 3677 69-2858Fax: +49 3677 69-1665E-Mail: fg-nikr@tu-ilmenau.de&nbsp; Fotonachweise: TU Ilmenau 1. Inhalt des Onlineangebotes\/Haftungsausschluss Der Verantwortliche \u00fcbernimmt keine Gew\u00e4hr f\u00fcr die Aktualit\u00e4t, Korrektheit, Vollst\u00e4ndigkeit &#8230; <a title=\"Impressum\" class=\"read-more\" href=\"https:\/\/www.morphia-projekt.de\/?page_id=191\" aria-label=\"Mehr Informationen \u00fcber Impressum\">Weiterlesen<\/a><\/p>\n","protected":false},"author":1,"featured_media":0,"parent":0,"menu_order":0,"comment_status":"closed","ping_status":"closed","template":"","meta":{"footnotes":""},"class_list":["post-191","page","type-page","status-publish"],"_links":{"self":[{"href":"https:\/\/www.morphia-projekt.de\/index.php?rest_route=\/wp\/v2\/pages\/191","targetHints":{"allow":["GET"]}}],"collection":[{"href":"https:\/\/www.morphia-projekt.de\/index.php?rest_route=\/wp\/v2\/pages"}],"about":[{"href":"https:\/\/www.morphia-projekt.de\/index.php?rest_route=\/wp\/v2\/types\/page"}],"author":[{"embeddable":true,"href":"https:\/\/www.morphia-projekt.de\/index.php?rest_route=\/wp\/v2\/users\/1"}],"replies":[{"embeddable":true,"href":"https:\/\/www.morphia-projekt.de\/index.php?rest_route=%2Fwp%2Fv2%2Fcomments&post=191"}],"version-history":[{"count":1,"href":"https:\/\/www.morphia-projekt.de\/index.php?rest_route=\/wp\/v2\/pages\/191\/revisions"}],"predecessor-version":[{"id":192,"href":"https:\/\/www.morphia-projekt.de\/index.php?rest_route=\/wp\/v2\/pages\/191\/revisions\/192"}],"wp:attachment":[{"href":"https:\/\/www.morphia-projekt.de\/index.php?rest_route=%2Fwp%2Fv2%2Fmedia&parent=191"}],"curies":[{"name":"wp","href":"https:\/\/api.w.org\/{rel}","templated":true}]}}